{"id":23,"date":"2024-05-31T13:22:31","date_gmt":"2024-05-31T11:22:31","guid":{"rendered":"https:\/\/m-power.es\/?page_id=23"},"modified":"2025-10-19T17:29:38","modified_gmt":"2025-10-19T15:29:38","slug":"privacy-policy","status":"publish","type":"page","link":"https:\/\/m-power.es\/en\/privacy-policy\/","title":{"rendered":"Privacy Policy"},"content":{"rendered":"<div data-elementor-type=\"wp-page\" data-elementor-id=\"23\" class=\"elementor elementor-23\" data-elementor-post-type=\"page\">\n\t\t\t\t<div class=\"elementor-element elementor-element-50917d1 cabecera-principal e-flex e-con-boxed e-con e-parent\" data-id=\"50917d1\" data-element_type=\"container\" data-e-type=\"container\">\n\t\t\t\t\t<div class=\"e-con-inner\">\n\t\t\t\t<div class=\"elementor-element elementor-element-ab2c0c3 elementor-widget elementor-widget-heading\" data-id=\"ab2c0c3\" data-element_type=\"widget\" data-e-type=\"widget\" data-widget_type=\"heading.default\">\n\t\t\t\t\t<h1 class=\"elementor-heading-title elementor-size-default\">Privacy Policy<\/h1>\t\t\t\t<\/div>\n\t\t\t\t\t<\/div>\n\t\t\t\t<\/div>\n\t\t<div class=\"elementor-element elementor-element-3ea9a41 espsup espinf e-flex e-con-boxed e-con e-parent\" data-id=\"3ea9a41\" data-element_type=\"container\" data-e-type=\"container\" id=\"contenido-legal\">\n\t\t\t\t\t<div class=\"e-con-inner\">\n\t\t\t\t<div class=\"elementor-element elementor-element-a61abf9 elementor-widget elementor-widget-text-editor\" data-id=\"a61abf9\" data-element_type=\"widget\" data-e-type=\"widget\" data-widget_type=\"text-editor.default\">\n\t\t\t\t\t\t\t\t\t<p><span style=\"font-weight: 400;\">VANESA COSTA SIREROL<\/span>in application of current legislation on the protection of personal data, informs that the personal data collected through the forms on the Website: <a href=\"https:\/\/m-power.es\/en\/\">www.m-power.es<\/a>are included in the specific automated files of the users of the services of <a href=\"https:\/\/m-power.es\/en\/\">www.m-power.es<\/a><\/p>\n<p>The purpose of the collection and automated processing of personal data is to maintain the commercial relationship and the performance of information, advice and other activities indicated both in this policy and in any of the forms published on this Site. This data will only be transferred to those entities that are necessary for the sole purpose of complying with the aforementioned purpose.<\/p>\n<p><span style=\"font-weight: 400;\">VANESA COSTA SIREROL<\/span> takes the necessary measures to ensure the security, integrity and confidentiality of data in accordance with the provisions of Regulation (EU) 2016\/679 of the European Parliament and of the Council of 27 April 2016 on the protection of natural persons with regard to the processing of personal data and on the free movement of such data.<\/p>\n<p>The user may at any time exercise the rights of access, opposition, rectification and cancellation recognised in the aforementioned Regulation (EU). These rights may be exercised by the user by sending an email to: <a href=\"mailto:info@m-power.es\">info@m-power.es<\/a> or at the address:<\/p>\n<p>Calle \u00c1ngel N\u00ba6, 03750, Pedreguer, Alicante.<\/p>\n<p>The user declares that all the data provided by him\/her are true and correct, and undertakes to keep them updated, communicating any changes to <a href=\"mailto:info@m-power.es\">info@m-power.es<\/a><\/p>\n<h2>Purpose of the processing of personal data<\/h2>\n<h3>For what purposes will we process your personal data?<\/h3>\n<p>At <span style=\"font-weight: 400;\">VANESA COSTA SIREROL<\/span>we will process your personal data collected through the Website: <a href=\"https:\/\/m-power.es\/en\/\">www.m-power.es<\/a>for the following purposes:<\/p>\n<ol>\n<li>In the case of procurement of the goods and services offered through <a href=\"https:\/\/m-power.es\/en\/\">www.m-power.es<\/a>to maintain the contractual relationship, as well as the management, administration, information, provision and improvement of the service.<\/li>\n<li>Sending of information requested through the forms available at <a href=\"https:\/\/m-power.es\/en\/\">www.m-power.es<\/a><\/li>\n<\/ol>\n<p>We remind you that you may object to the sending of commercial communications by any means and at any time by sending an e-mail to the address indicated above.<\/p>\n<p>The fields in these registers must be filled in, and it is impossible to carry out the purposes expressed if these data are not provided.<\/p>\n<h3>How long will the personal data collected be kept?<\/h3>\n<p>The personal data provided will be kept for as long as the commercial relationship is maintained or you do not request its deletion and for the period of time for which legal responsibilities may arise from the services provided.<\/p>\n<h3>Legitimation<\/h3>\n<p>The processing of your data is carried out on the following legal bases that legitimise it:<\/p>\n<ol>\n<li>The request for information and\/or the contracting of the services of <a href=\"https:\/\/m-power.es\/en\/\">www.m-power.es<\/a>The terms and conditions of which will be made available to you in any case prior to any possible contracting.<\/li>\n<li>Free, specific, informed and unequivocal consent, insofar as we inform you by making this privacy policy available to you, which, after reading it, if you agree, you can accept by means of a declaration or a clear affirmative action, such as ticking a box provided for this purpose.<\/li>\n<li>If you do not provide us with your details, or if you do so incorrectly or incompletely, we will not be able to deal with your request, making it impossible for us to provide you with the information requested or to carry out the contracting of the services.<\/li>\n<\/ol>\n<h3>Addressees<\/h3>\n<p>The data will not be communicated to any third party external to <a href=\"https:\/\/m-power.es\/en\/\">www.m-power.es<\/a>unless legally obliged to do so.<\/p>\n<h3>Data collected by users of the services<\/h3>\n<p>In cases where the user includes files with personal data on the shared hosting servers, <span style=\"font-weight: 400;\">VANESA COSTA SIREROL<\/span> is not responsible for the user's non-compliance with the GDPR.<\/p>\n<h3>Data retention in compliance with the LSSI<\/h3>\n<p><span style=\"font-weight: 400;\">VANESA COSTA SIREROL<\/span> informs that, as a data hosting service provider and by virtue of the provisions of Law 34\/2002 of 11 July 2002 on Information Society Services and Electronic Commerce (LSSI), it retains for a maximum period of 12 months the information necessary to identify the origin of the data hosted and the time at which the service was initiated. The retention of this data does not affect the secrecy of communications and may only be used in the framework of a criminal investigation or for the safeguarding of public security, being made available to judges and\/or courts or the Ministry that so requires.<\/p>\n<p>The communication of data to the State Forces and Corps will be made in accordance with the provisions of the regulations on the protection of personal data.<\/p>\n<h3>Intellectual property rights<\/h3>\n<p><span style=\"font-weight: 400;\">VANESA COSTA SIREROL<\/span>&nbsp;owns all copyrights, intellectual and industrial property rights, know-how and any other rights related to the contents of the website. <a href=\"https:\/\/m-power.es\/en\/\">www.m-power.es<\/a> and the services offered therein, as well as the programmes necessary for their implementation and related information.<\/p>\n<p>The reproduction, publication and\/or any other than strictly private use of the contents, in whole or in part, of the website is not permitted. <span style=\"font-weight: 400;\">VANESA COSTA SIREROL<\/span> &nbsp;without prior written consent.<\/p>\n<h3>Intellectual property of hosted content<\/h3>\n<p>Any use contrary to intellectual property law of the services provided by <span style=\"font-weight: 400;\">VANESA COSTA SIREROL<\/span> and in particular of:<\/p>\n<ul>\n<li>Use that is contrary to Spanish law or infringes the rights of third parties.<\/li>\n<li>The publication or transmission of any content which in the opinion of <span style=\"font-weight: 400;\">VANESA COSTA SIREROL<\/span> is violent, obscene, abusive, unlawful, racial, xenophobic or defamatory.<\/li>\n<li>Cracks, software serial numbers or any other content that infringes the intellectual property rights of third parties.<\/li>\n<li>The collection and\/or use of personal data of other users without their express consent or in contravention of the provisions of Regulation (EU) 2016\/679 of the European Parliament and of the Council of 27 April 2016 on the protection of individuals with regard to the processing of personal data and on the free movement of such data.<\/li>\n<li>The use of the domain's mail server and e-mail addresses for sending unsolicited bulk e-mail.<\/li>\n<\/ul>\n<p>The user bears full responsibility for the content of his website, the transmitted and stored information, hypertext links, third party claims and legal actions in reference to intellectual property.<\/p>\n<h3>Rights of third parties and protection of minors<\/h3>\n<p>The user is responsible for compliance with the laws and regulations in force and the rules concerning the operation of the online service, e-commerce, copyright, maintenance of public order, as well as universal principles of Internet use.<\/p>\n<p>The user shall indemnify <span style=\"font-weight: 400;\">VANESA COSTA SIREROL<\/span> for the costs incurred in connection with any proceedings for which the user is liable, including legal fees and expenses, even in the event of a non-final court decision.<\/p>\n<h3>Protection of hosted information<\/h3>\n<p><span style=\"font-weight: 400;\">VANESA COSTA SIREROL<\/span> makes backup copies of the contents hosted on its servers, however, it is not responsible for the loss or accidental deletion of data by users. Likewise, it does not guarantee the total replacement of data deleted by users, as such data may have been deleted and\/or modified during the period of time elapsed since the last backup.<\/p>\n<p>The services offered, except for specific backup services, do not include the replacement of the contents kept in the backup copies made by <span style=\"font-weight: 400;\">VANESA COSTA SIREROL<\/span>In this case, a tariff will be determined according to the complexity and volume of the recovery, subject to the user's acceptance.<\/p>\n<p>The replacement of deleted data is only included in the price of the service when the loss of the content is due to causes attributable to <span style=\"font-weight: 400;\">VANESA COSTA SIREROL.<\/span><\/p>\n<h3>Commercial communications<\/h3>\n<p>In application of the LSSI. <span style=\"font-weight: 400;\">VANESA COSTA SIREROL<\/span> shall not send advertising or promotional communications by e-mail or any other equivalent means of electronic communication that have not been previously requested or expressly authorised by the recipients thereof.<\/p>\n<p>In the case of users with whom there is a prior contractual relationship, <span style=\"font-weight: 400;\">VANESA COSTA SIREROL<\/span> is authorised to send commercial communications relating to products or services of <a href=\"https:\/\/m-power.es\/en\/\">www.m-power.es<\/a> that are similar to those initially contracted with the customer.<\/p>\n<p>In any case, the user, after proving his or her identity, may request that no further commercial information be sent to him or her through the Customer Service channels.<\/p>\t\t\t\t\t\t\t\t<\/div>\n\t\t\t\t\t<\/div>\n\t\t\t\t<\/div>\n\t\t\t\t<\/div>","protected":false},"excerpt":{"rendered":"<p>Pol\u00edtica de Privacidad VANESA COSTA SIREROL, en aplicaci\u00f3n de la normativa vigente en materia de protecci\u00f3n de datos de car\u00e1cter [&hellip;]<\/p>","protected":false},"author":1,"featured_media":0,"parent":0,"menu_order":0,"comment_status":"closed","ping_status":"closed","template":"elementor_header_footer","meta":{"site-sidebar-layout":"no-sidebar","site-content-layout":"","ast-site-content-layout":"full-width-container","site-content-style":"default","site-sidebar-style":"default","ast-global-header-display":"","ast-banner-title-visibility":"","ast-main-header-display":"","ast-hfb-above-header-display":"","ast-hfb-below-header-display":"","ast-hfb-mobile-header-display":"","site-post-title":"","ast-breadcrumbs-content":"","ast-featured-img":"disabled","footer-sml-layout":"","ast-disable-related-posts":"","theme-transparent-header-meta":"","adv-header-id-meta":"","stick-header-meta":"","header-above-stick-meta":"","header-main-stick-meta":"","header-below-stick-meta":"","astra-migrate-meta-layouts":"default","ast-page-background-enabled":"default","ast-page-background-meta":{"desktop":{"background-color":"var(--ast-global-color-4)","background-image":"","background-repeat":"repeat","background-position":"center center","background-size":"auto","background-attachment":"scroll","background-type":"","background-media":"","overlay-type":"","overlay-color":"","overlay-opacity":"","overlay-gradient":""},"tablet":{"background-color":"","background-image":"","background-repeat":"repeat","background-position":"center center","background-size":"auto","background-attachment":"scroll","background-type":"","background-media":"","overlay-type":"","overlay-color":"","overlay-opacity":"","overlay-gradient":""},"mobile":{"background-color":"","background-image":"","background-repeat":"repeat","background-position":"center center","background-size":"auto","background-attachment":"scroll","background-type":"","background-media":"","overlay-type":"","overlay-color":"","overlay-opacity":"","overlay-gradient":""}},"ast-content-background-meta":{"desktop":{"background-color":"var(--ast-global-color-5)","background-image":"","background-repeat":"repeat","background-position":"center center","background-size":"auto","background-attachment":"scroll","background-type":"","background-media":"","overlay-type":"","overlay-color":"","overlay-opacity":"","overlay-gradient":""},"tablet":{"background-color":"var(--ast-global-color-5)","background-image":"","background-repeat":"repeat","background-position":"center center","background-size":"auto","background-attachment":"scroll","background-type":"","background-media":"","overlay-type":"","overlay-color":"","overlay-opacity":"","overlay-gradient":""},"mobile":{"background-color":"var(--ast-global-color-5)","background-image":"","background-repeat":"repeat","background-position":"center center","background-size":"auto","background-attachment":"scroll","background-type":"","background-media":"","overlay-type":"","overlay-color":"","overlay-opacity":"","overlay-gradient":""}},"footnotes":""},"class_list":["post-23","page","type-page","status-publish","hentry"],"_links":{"self":[{"href":"https:\/\/m-power.es\/en\/wp-json\/wp\/v2\/pages\/23","targetHints":{"allow":["GET"]}}],"collection":[{"href":"https:\/\/m-power.es\/en\/wp-json\/wp\/v2\/pages"}],"about":[{"href":"https:\/\/m-power.es\/en\/wp-json\/wp\/v2\/types\/page"}],"author":[{"embeddable":true,"href":"https:\/\/m-power.es\/en\/wp-json\/wp\/v2\/users\/1"}],"replies":[{"embeddable":true,"href":"https:\/\/m-power.es\/en\/wp-json\/wp\/v2\/comments?post=23"}],"version-history":[{"count":0,"href":"https:\/\/m-power.es\/en\/wp-json\/wp\/v2\/pages\/23\/revisions"}],"wp:attachment":[{"href":"https:\/\/m-power.es\/en\/wp-json\/wp\/v2\/media?parent=23"}],"curies":[{"name":"wp","href":"https:\/\/api.w.org\/{rel}","templated":true}]}}